{"id":265194,"date":"2023-07-07T18:06:43","date_gmt":"2023-07-07T18:06:43","guid":{"rendered":"https:\/\/inmoparis.com\/condiciones-generales\/"},"modified":"2026-02-24T15:21:52","modified_gmt":"2026-02-24T14:21:52","slug":"nota-prawna-polityka-prywatnosci","status":"publish","type":"page","link":"https:\/\/inmoparis.com\/pl\/aviso-legal-politicas-privacidad\/","title":{"rendered":"Nota prawna i polityka prywatno\u015bci"},"content":{"rendered":"<h1 class=\"wp-block-heading\">Nota prawna i polityka prywatno\u015bci<\/h1>\n\n\n\n<h2 class=\"wp-block-heading\" id=\"aviso-legal\">1 Nota prawna<\/h2>\n\n\n\n<p>Zgodnie z ustaw\u0105 34\/2002 o us\u0142ugach spo\u0142ecze\u0144stwa informacyjnego i handlu elektronicznym (LSSI-CE), niniejszym informujemy, \u017ce niniejsza strona internetowa jest w\u0142asno\u015bci\u0105:<\/p>\n\n\n\n<p>Nazwa przedsi\u0119biorstwa: CP INMOPARIS SL<br>NR VAT: B25935115<br>Siedziba: Avenida Las Am\u00e9ricas N\u00ba2, Parque Santiago III, Local 114, 38660, Playa de Las Am\u00e9ricas, Arona, Santa Cruz de Tenerife, Hiszpania.<br>E-mail: info@inmoparis.com<\/p>\n\n\n\n<p>G\u0142\u00f3wnym przedmiotem dzia\u0142alno\u015bci sp\u00f3\u0142ki jest po\u015brednictwo w obrocie nieruchomo\u015bciami w zakresie kupna i sprzeda\u017cy oraz wynajmu nieruchomo\u015bci.<\/p>\n\n\n\n<hr class=\"wp-block-separator has-alpha-channel-opacity\"\/>\n\n\n\n<h2 class=\"wp-block-heading\" id=\"condiciones\">2. Warunki u\u017cytkowania<\/h2>\n\n\n\n<p>Dost\u0119p do witryny i korzystanie z niej stanowi warunek u\u017cytkownika i oznacza pe\u0142n\u0105 akceptacj\u0119 niniejszych warunk\u00f3w.<\/p>\n\n\n\n<p>U\u017cytkownik zobowi\u0105zuje si\u0119 do w\u0142a\u015bciwego korzystania z oferowanych tre\u015bci i us\u0142ug oraz do niewykorzystywania ich do innych cel\u00f3w:<\/p>\n\n\n\n<ul class=\"wp-block-list\">\n<li>Anga\u017cowa\u0107 si\u0119 w dzia\u0142ania niezgodne z prawem lub w dobrej wierze.<\/li>\n\n\n\n<li>Rozpowszechnianie tre\u015bci rasistowskich, ksenofobicznych, pornograficznych lub niezgodnych z prawem.<\/li>\n\n\n\n<li>Spowodowa\u0107 uszkodzenie system\u00f3w fizycznych i logicznych w\u0142a\u015bciciela lub stron trzecich.<\/li>\n<\/ul>\n\n\n\n<p>CP INMOPARIS SL zastrzega sobie prawo do zmiany zawarto\u015bci strony internetowej w dowolnym momencie.<\/p>\n\n\n\n<hr class=\"wp-block-separator has-alpha-channel-opacity\"\/>\n\n\n\n<h2 class=\"wp-block-heading\" id=\"responsabilidad\">3. Odpowiedzialno\u015b\u0107 za informacje o nieruchomo\u015bciach<\/h2>\n\n\n\n<p>Informacje publikowane na temat nieruchomo\u015bci s\u0142u\u017c\u0105 wy\u0142\u0105cznie celom informacyjnym i nie stanowi\u0105 wi\u0105\u017c\u0105cej oferty umownej.<\/p>\n\n\n\n<p>Ceny, funkcje, powierzchnie i dost\u0119pno\u015b\u0107 mog\u0105 ulec zmianie bez powiadomienia.<\/p>\n\n\n\n<p>CP INMOPARIS SL dzia\u0142a jako po\u015brednik mi\u0119dzy w\u0142a\u015bcicielami a kupuj\u0105cymi lub najemcami, nie b\u0119d\u0105c w\u0142a\u015bcicielem reklamowanych nieruchomo\u015bci, chyba \u017ce wyra\u017anie wskazano inaczej.<\/p>\n\n\n\n<p>Sp\u00f3\u0142ka nie ponosi odpowiedzialno\u015bci za jakiekolwiek b\u0142\u0119dy typograficzne, pomini\u0119cia lub zmiany w informacjach dostarczonych przez osoby trzecie.<\/p>\n\n\n\n<hr class=\"wp-block-separator has-alpha-channel-opacity\"\/>\n\n\n\n<h2 class=\"wp-block-heading\" id=\"privacidad\">4. Polityka prywatno\u015bci<\/h2>\n\n\n\n<p>Zgodnie z rozporz\u0105dzeniem (UE) 2016\/679 (RGPD) i ustaw\u0105 organiczn\u0105 3\/2018 (LOPDGDD) informujemy:<\/p>\n\n\n\n<p>Administrator danych:<br>CP INMOPARIS SL<br>NR VAT: B25935115<br>E-mail: info@inmoparis.com<\/p>\n\n\n\n<p>Cel przetwarzania:<\/p>\n\n\n\n<ul class=\"wp-block-list\">\n<li>Zarz\u0105dzanie zapytaniami sk\u0142adanymi za po\u015brednictwem formularzy.<\/li>\n\n\n\n<li>Zarz\u0105dzanie komercyjne i przesy\u0142anie informacji o nieruchomo\u015bciach.<\/li>\n\n\n\n<li>Uwaga na zapytania dotycz\u0105ce zakupu, sprzeda\u017cy lub wynajmu.<\/li>\n\n\n\n<li>Zgodno\u015b\u0107 ze zobowi\u0105zaniami prawnymi.<\/li>\n<\/ul>\n\n\n\n<p>Legitymacja:<\/p>\n\n\n\n<ul class=\"wp-block-list\">\n<li>Zgoda osoby, kt\u00f3rej dane dotycz\u0105.<\/li>\n\n\n\n<li>Egzekwowanie \u015brodk\u00f3w przedumownych.<\/li>\n\n\n\n<li>Zgodno\u015b\u0107 ze zobowi\u0105zaniami prawnymi.<\/li>\n<\/ul>\n\n\n\n<p>Zatrzymywanie danych:<br>Dane b\u0119d\u0105 przechowywane tak d\u0142ugo, jak d\u0142ugo istniej\u0105 relacje biznesowe lub przez okresy wymagane przez prawo.<\/p>\n\n\n\n<p>Grupa docelowa:<br>Dost\u0119p do danych mog\u0105 mie\u0107 nast\u0119puj\u0105ce podmioty przetwarzaj\u0105ce dane:<\/p>\n\n\n\n<ul class=\"wp-block-list\">\n<li>Dostawca hostingu (Hostinger, infrastruktura w Unii Europejskiej).<\/li>\n\n\n\n<li>CRM dla nieruchomo\u015bci Artekasa.<\/li>\n\n\n\n<li>Google LLC (us\u0142ugi analityczne za po\u015brednictwem Google Analytics).<\/li>\n<\/ul>\n\n\n\n<p>Niekt\u00f3rzy dostawcy mog\u0105 obejmowa\u0107 mi\u0119dzynarodowe przekazywanie danych, w zwi\u0105zku z czym zastosowanie maj\u0105 odpowiednie zabezpieczenia wynikaj\u0105ce z RODO.<\/p>\n\n\n\n<p>Prawa u\u017cytkownika:<br>U\u017cytkownik mo\u017ce skorzysta\u0107 ze swoich praw dost\u0119pu, sprostowania, usuni\u0119cia, sprzeciwu, ograniczenia i przenoszenia danych, wysy\u0142aj\u0105c wniosek na adres info@inmoparis.com, za\u0142\u0105czaj\u0105c kopi\u0119 dokumentu to\u017csamo\u015bci.<\/p>\n\n\n\n<p>U\u017cytkownik mo\u017ce r\u00f3wnie\u017c z\u0142o\u017cy\u0107 skarg\u0119 do Hiszpa\u0144skiej Agencji Ochrony Danych (www.aepd.es).<\/p>\n\n\n\n<hr class=\"wp-block-separator has-alpha-channel-opacity\"\/>\n\n\n\n<h2 class=\"wp-block-heading\" id=\"cookies\">5. Polityka dotycz\u0105ca plik\u00f3w cookie<\/h2>\n\n\n\n<p>Witryna wykorzystuje w\u0142asne i zewn\u0119trzne pliki cookie.<\/p>\n\n\n\n<p>Techniczne pliki cookie:<br>Niezb\u0119dne do podstawowego dzia\u0142ania strony internetowej.<\/p>\n\n\n\n<p>Analityczne pliki cookie:<br>Google Analytics (za po\u015brednictwem Google Site Kit) s\u0142u\u017cy do analizy zachowania u\u017cytkownik\u00f3w podczas przegl\u0105dania stron internetowych.<\/p>\n\n\n\n<p>Te pliki cookie pozwalaj\u0105 nam uzyska\u0107 anonimowe statystyki u\u017cytkowania w celu poprawy komfortu u\u017cytkowania.<\/p>\n\n\n\n<p>U\u017cytkownik mo\u017ce zaakceptowa\u0107, odrzuci\u0107 lub skonfigurowa\u0107 pliki cookie za pomoc\u0105 banera zgody.<\/p>\n\n\n\n<p>Wi\u0119cej informacji na temat Google Analytics mo\u017cna znale\u017a\u0107 na stronie<br>https:\/\/policies.google.com\/privacy<\/p>\n\n\n\n<hr class=\"wp-block-separator has-alpha-channel-opacity\"\/>\n\n\n\n<h2 class=\"wp-block-heading\" id=\"propiedad\">6. W\u0142asno\u015b\u0107 intelektualna<\/h2>\n\n\n\n<p>Ca\u0142a zawarto\u015b\u0107 strony internetowej (teksty, obrazy, logo, projekt, struktura, kod \u017ar\u00f3d\u0142owy) s\u0105 w\u0142asno\u015bci\u0105 CP INMOPARIS SL lub s\u0105 licencjonowane do u\u017cytku.<\/p>\n\n\n\n<p>Powielanie, rozpowszechnianie lub publiczne udost\u0119pnianie bez wyra\u017anego upowa\u017cnienia jest zabronione.<\/p>\n\n\n\n<hr class=\"wp-block-separator has-alpha-channel-opacity\"\/>\n\n\n\n<h2 class=\"wp-block-heading\" id=\"legislacion\">7. Prawo w\u0142a\u015bciwe i jurysdykcja<\/h2>\n\n\n\n<p>Stosunki mi\u0119dzy w\u0142a\u015bcicielem strony internetowej a u\u017cytkownikiem podlegaj\u0105 obowi\u0105zuj\u0105cym przepisom prawa hiszpa\u0144skiego.<\/p>\n\n\n\n<p>W celu rozwi\u0105zania wszelkich konflikt\u00f3w, kt\u00f3re mog\u0105 wynikn\u0105\u0107 z dost\u0119pu do strony internetowej lub korzystania z niej, strony poddaj\u0105 si\u0119 s\u0105dom i trybuna\u0142om w Santa Cruz de Tenerife.<\/p>","protected":false},"excerpt":{"rendered":"<p>Aviso Legal y Pol\u00edtica de Privacidad 1. Aviso Legal En cumplimiento de la Ley 34\/2002, de Servicios de la Sociedad de la Informaci\u00f3n y Comercio Electr\u00f3nico (LSSI-CE), se informa que la presente p\u00e1gina web es titularidad de: Raz\u00f3n social: CP INMOPARIS SLCIF: B25935115Domicilio social: Avenida Las Am\u00e9ricas N\u00ba2, Parque Santiago III, Local 114, 38660, Playa [&hellip;]<\/p>\n","protected":false},"author":1,"featured_media":0,"parent":0,"menu_order":0,"comment_status":"closed","ping_status":"closed","template":"elementor_theme","meta":{"footnotes":""},"class_list":["post-265194","page","type-page","status-publish","hentry"],"_links":{"self":[{"href":"https:\/\/inmoparis.com\/pl\/wp-json\/wp\/v2\/pages\/265194","targetHints":{"allow":["GET"]}}],"collection":[{"href":"https:\/\/inmoparis.com\/pl\/wp-json\/wp\/v2\/pages"}],"about":[{"href":"https:\/\/inmoparis.com\/pl\/wp-json\/wp\/v2\/types\/page"}],"author":[{"embeddable":true,"href":"https:\/\/inmoparis.com\/pl\/wp-json\/wp\/v2\/users\/1"}],"replies":[{"embeddable":true,"href":"https:\/\/inmoparis.com\/pl\/wp-json\/wp\/v2\/comments?post=265194"}],"version-history":[{"count":1,"href":"https:\/\/inmoparis.com\/pl\/wp-json\/wp\/v2\/pages\/265194\/revisions"}],"predecessor-version":[{"id":695130,"href":"https:\/\/inmoparis.com\/pl\/wp-json\/wp\/v2\/pages\/265194\/revisions\/695130"}],"wp:attachment":[{"href":"https:\/\/inmoparis.com\/pl\/wp-json\/wp\/v2\/media?parent=265194"}],"curies":[{"name":"wp","href":"https:\/\/api.w.org\/{rel}","templated":true}]}}