{"id":270218,"date":"2023-07-24T19:12:04","date_gmt":"2023-07-24T18:12:04","guid":{"rendered":"https:\/\/inmoparis.com\/acuerdo-sobre-el-rgpd\/"},"modified":"2023-07-24T19:12:04","modified_gmt":"2023-07-24T18:12:04","slug":"porozumienie-w-sprawie-rgpd","status":"publish","type":"page","link":"https:\/\/inmoparis.com\/pl\/acuerdo-sobre-el-rgpd\/","title":{"rendered":"Porozumienie w sprawie RODO"},"content":{"rendered":"<p>NOTA PRAWNA DOTYCZ\u0104CA PRZETWARZANIA DANYCH OSOBOWYCH ZGODNIE Z GDPR<\/p>\n\n\n\n<p>Zgodnie z przepisami og\u00f3lnego rozporz\u0105dzenia o ochronie danych (RODO) Unii Europejskiej, InmoParis z adresem Avda. Los Sabande\u00f1os Edificio Marte Local 5, Los Cristianos, Arona, kod pocztowy: 38650, telefon +34 922 791 589, e-mail info@inmoparis.com i strona internetowa https:\/\/inmoparis.com\/, zobowi\u0105zuje si\u0119 do ochrony i poszanowania prywatno\u015bci swoich u\u017cytkownik\u00f3w, klient\u00f3w i odwiedzaj\u0105cych. Niniejsza nota prawna opisuje, w jaki spos\u00f3b InmoParis gromadzi, wykorzystuje, przechowuje i chroni dane osobowe dostarczone przez osoby, kt\u00f3rych dane dotycz\u0105.<\/p>\n\n\n\n<ol class=\"wp-block-list\">\n<li>ADMINISTRATOR DANYCH OSOBOWYCH<\/li>\n<\/ol>\n\n\n\n<p>InmoParis dzia\u0142a jako administrator danych osobowych zgodnie z RODO. Mo\u017cesz skontaktowa\u0107 si\u0119 z nami w sprawie wszelkich pyta\u0144 zwi\u0105zanych z przetwarzaniem Twoich danych osobowych za po\u015brednictwem naszego adresu e-mail info@inmoparis.com lub telefonu +34 922 791 589.<\/p>\n\n\n\n<ol class=\"wp-block-list\" start=\"2\">\n<li>GROMADZONE DANE OSOBOWE<\/li>\n<\/ol>\n\n\n\n<p>InmoParis mo\u017ce gromadzi\u0107 i przetwarza\u0107 nast\u0119puj\u0105ce dane osobowe os\u00f3b, kt\u00f3rych dane dotycz\u0105:<\/p>\n\n\n\n<ul class=\"wp-block-list\">\n<li>Dane identyfikacyjne: nazwisko, imi\u0119, adres, data urodzenia itp.<\/li>\n\n\n\n<li>Informacje kontaktowe: adres e-mail, numer telefonu itp.<\/li>\n\n\n\n<li>Informacje dotycz\u0105ce p\u0142atno\u015bci: dane karty kredytowej lub debetowej, informacje bankowe itp.<\/li>\n\n\n\n<li>Informacje techniczne: adres IP, typ urz\u0105dzenia, przegl\u0105darka internetowa itp.<\/li>\n\n\n\n<li>Inne informacje istotne dla \u015bwiadczenia us\u0142ug lub realizacji um\u00f3w.<\/li>\n<\/ul>\n\n\n\n<ol class=\"wp-block-list\">\n<li>CEL PRZETWARZANIA DANYCH OSOBOWYCH<\/li>\n<\/ol>\n\n\n\n<p>Dane osobowe gromadzone przez InmoParis b\u0119d\u0105 wykorzystywane wy\u0142\u0105cznie w nast\u0119puj\u0105cych uzasadnionych celach:<\/p>\n\n\n\n<ul class=\"wp-block-list\">\n<li>\u015awiadczenie us\u0142ug: w celu realizacji um\u00f3w lub \u015bwiadczenia us\u0142ug wymaganych przez zainteresowane strony.<\/li>\n\n\n\n<li>Komunikacja: wysy\u0142anie odpowiednich informacji, powiadomie\u0144, aktualizacji, ofert promocyjnych lub biuletyn\u00f3w zwi\u0105zanych z naszymi us\u0142ugami.<\/li>\n\n\n\n<li>Ulepszanie us\u0142ug: analiza i poprawa jako\u015bci naszych us\u0142ug oraz wydajno\u015bci naszej strony internetowej.<\/li>\n\n\n\n<li>Zgodno\u015b\u0107 z prawem: w celu przestrzegania zobowi\u0105za\u0144 prawnych i regulacyjnych maj\u0105cych zastosowanie do InmoParis.<\/li>\n<\/ul>\n\n\n\n<ol class=\"wp-block-list\">\n<li>PODSTAWA PRAWNA PRZETWARZANIA DANYCH OSOBOWYCH<\/li>\n<\/ol>\n\n\n\n<p>Przetwarzanie danych osobowych przez InmoParis b\u0119dzie odbywa\u0107 si\u0119 na podstawie nast\u0119puj\u0105cych warunk\u00f3w prawnych:<\/p>\n\n\n\n<ul class=\"wp-block-list\">\n<li>Zgoda: w przypadku, gdy osoby, kt\u00f3rych dane dotycz\u0105, wyrazi\u0142y wyra\u017an\u0105 zgod\u0119 na przetwarzanie ich danych osobowych w okre\u015blonych celach.<\/li>\n\n\n\n<li>Wykonanie umowy: gdy przetwarzanie jest niezb\u0119dne do wykonania umowy, kt\u00f3rej stron\u0105 jest osoba, kt\u00f3rej dane dotycz\u0105, lub do podj\u0119cia dzia\u0142a\u0144 na \u017c\u0105danie osoby, kt\u00f3rej dane dotycz\u0105, przed zawarciem umowy.<\/li>\n\n\n\n<li>Zgodno\u015b\u0107 z prawem: gdy przetwarzanie jest niezb\u0119dne do spe\u0142nienia obowi\u0105zku prawnego lub regulacyjnego.<\/li>\n\n\n\n<li>Uzasadnione interesy: gdy przetwarzanie jest niezb\u0119dne dla uzasadnionych interes\u00f3w realizowanych przez InmoParis lub stron\u0119 trzeci\u0105, pod warunkiem, \u017ce interesy lub podstawowe prawa i wolno\u015bci osoby, kt\u00f3rej dane dotycz\u0105, nie s\u0105 nadrz\u0119dne.<\/li>\n<\/ul>\n\n\n\n<ol class=\"wp-block-list\">\n<li>PRZEKAZYWANIE DANYCH OSOBOWYCH<\/li>\n<\/ol>\n\n\n\n<p>InmoParis nie b\u0119dzie przekazywa\u0107 danych osobowych stronom trzecim bez wyra\u017anej zgody osoby, kt\u00f3rej dane dotycz\u0105, chyba \u017ce jest to konieczne do \u015bwiadczenia \u017c\u0105danych us\u0142ug lub do wype\u0142nienia zobowi\u0105za\u0144 prawnych.<\/p>\n\n\n\n<p>W przypadku, gdy InmoParis musi przekaza\u0107 dane osobowe poza Europejski Obszar Gospodarczy (EOG), zostan\u0105 wdro\u017cone odpowiednie \u015brodki w celu zapewnienia bezpiecze\u0144stwa i ochrony takich danych, zgodnie z RODO.<\/p>\n\n\n\n<ol class=\"wp-block-list\" start=\"6\">\n<li>OKRES PRZECHOWYWANIA DANYCH<\/li>\n<\/ol>\n\n\n\n<p>Dane osobowe gromadzone i przetwarzane przez InmoParis b\u0119d\u0105 przechowywane przez okres niezb\u0119dny do realizacji cel\u00f3w, dla kt\u00f3rych zosta\u0142y zgromadzone, chyba \u017ce d\u0142u\u017cszy okres przechowywania jest wymagany lub dozwolony przez zobowi\u0105zania prawne lub regulacyjne.<\/p>\n\n\n\n<ol class=\"wp-block-list\" start=\"7\">\n<li>PRAWA ZAINTERESOWANYCH STRON<\/li>\n<\/ol>\n\n\n\n<p>Zgodnie z RODO osoby, kt\u00f3rych dane dotycz\u0105, maj\u0105 nast\u0119puj\u0105ce prawa w odniesieniu do swoich danych osobowych:<\/p>\n\n\n\n<ul class=\"wp-block-list\">\n<li>Prawo dost\u0119pu: do \u017c\u0105dania informacji na temat danych osobowych przechowywanych przez InmoParis oraz celu ich przetwarzania.<\/li>\n\n\n\n<li>Prawo do sprostowania: do poprawiania lub aktualizowania niedok\u0142adnych lub niekompletnych danych osobowych.<\/li>\n\n\n\n<li>Prawo do usuni\u0119cia danych: \u017c\u0105danie usuni\u0119cia danych osobowych, gdy nie s\u0105 one ju\u017c potrzebne do cel\u00f3w, dla kt\u00f3rych zosta\u0142y zebrane lub gdy zgoda zosta\u0142a wycofana.<\/li>\n\n\n\n<li>Prawo do sprzeciwu: sprzeciw wobec przetwarzania danych osobowych w okre\u015blonych okoliczno\u015bciach, takich jak marketing bezpo\u015bredni.<\/li>\n\n\n\n<li>Prawo do przenoszenia danych: \u017c\u0105danie przekazania danych osobowych innej organizacji w ustrukturyzowanym i czytelnym formacie.<\/li>\n\n\n\n<li>Prawo do wycofania zgody: je\u017celi przetwarzanie odbywa si\u0119 na podstawie zgody, osoby, kt\u00f3rych dane dotycz\u0105, maj\u0105 prawo wycofa\u0107 swoj\u0105 zgod\u0119 w dowolnym momencie.<\/li>\n<\/ul>\n\n\n\n<p>Aby skorzysta\u0107 z tych praw, zainteresowane strony mog\u0105 skontaktowa\u0107 si\u0119 z InmoParis za po\u015brednictwem poczty elektronicznej pod adresem info@inmoparis.com lub telefonicznie pod numerem +34 922 791 589. InmoParis odpowie na wszystkie wnioski w terminie okre\u015blonym przez obowi\u0105zuj\u0105ce przepisy prawa.<\/p>\n\n\n\n<ol class=\"wp-block-list\" start=\"8\">\n<li>BEZPIECZE\u0143STWO DANYCH OSOBOWYCH<\/li>\n<\/ol>\n\n\n\n<p>InmoParis zobowi\u0105zuje si\u0119 do zapewnienia bezpiecze\u0144stwa danych osobowych i wdro\u017cy\u0142o odpowiednie \u015brodki techniczne i organizacyjne w celu ochrony przed utrat\u0105, nieuprawnionym dost\u0119pem, zmian\u0105 lub nieuprawnionym ujawnieniem.<\/p>\n\n\n\n<ol class=\"wp-block-list\" start=\"9\">\n<li>MODYFIKACJE NOTY PRAWNEJ<\/li>\n<\/ol>\n\n\n\n<p>InmoParis zastrzega sobie prawo do zmiany lub aktualizacji niniejszej informacji prawnej w dowolnym momencie w celu odzwierciedlenia zmian w naszych praktykach dotycz\u0105cych prywatno\u015bci. Zach\u0119camy do okresowego zapoznawania si\u0119 z niniejsz\u0105 informacj\u0105 prawn\u0105, aby by\u0107 na bie\u017c\u0105co z tym, w jaki spos\u00f3b dane osobowe u\u017cytkownika s\u0105 chronione i wykorzystywane.<\/p>\n\n\n\n<p>Data wej\u015bcia w \u017cycie: 24 lipca 2023 r.<\/p>\n\n\n\n<p>Niniejsza nota prawna stanowi integraln\u0105 cz\u0119\u015b\u0107 Warunk\u00f3w InmoParis i powinna by\u0107 czytana w po\u0142\u0105czeniu z nimi.<\/p>\n\n\n\n<p><\/p>","protected":false},"excerpt":{"rendered":"<p>AVISO LEGAL SOBRE EL TRATAMIENTO DE DATOS PERSONALES DE ACUERDO CON LA GDPR De conformidad con lo dispuesto en el Reglamento General de Protecci\u00f3n de Datos (GDPR) de la Uni\u00f3n Europea, InmoParis con domicilio en Avda. Los Sabande\u00f1os Edificio Marte Local 5, Los Cristianos, Arona, C\u00f3digo Postal: 38650, tel\u00e9fono +34 922 791 589, correo electr\u00f3nico [&hellip;]<\/p>\n","protected":false},"author":1,"featured_media":0,"parent":0,"menu_order":0,"comment_status":"closed","ping_status":"closed","template":"","meta":{"footnotes":""},"class_list":["post-270218","page","type-page","status-publish","hentry"],"_links":{"self":[{"href":"https:\/\/inmoparis.com\/pl\/wp-json\/wp\/v2\/pages\/270218","targetHints":{"allow":["GET"]}}],"collection":[{"href":"https:\/\/inmoparis.com\/pl\/wp-json\/wp\/v2\/pages"}],"about":[{"href":"https:\/\/inmoparis.com\/pl\/wp-json\/wp\/v2\/types\/page"}],"author":[{"embeddable":true,"href":"https:\/\/inmoparis.com\/pl\/wp-json\/wp\/v2\/users\/1"}],"replies":[{"embeddable":true,"href":"https:\/\/inmoparis.com\/pl\/wp-json\/wp\/v2\/comments?post=270218"}],"version-history":[{"count":0,"href":"https:\/\/inmoparis.com\/pl\/wp-json\/wp\/v2\/pages\/270218\/revisions"}],"wp:attachment":[{"href":"https:\/\/inmoparis.com\/pl\/wp-json\/wp\/v2\/media?parent=270218"}],"curies":[{"name":"wp","href":"https:\/\/api.w.org\/{rel}","templated":true}]}}