{"id":265194,"date":"2023-07-07T18:06:43","date_gmt":"2023-07-07T18:06:43","guid":{"rendered":"https:\/\/inmoparis.com\/condiciones-generales\/"},"modified":"2026-02-24T15:21:52","modified_gmt":"2026-02-24T14:21:52","slug":"%e6%b3%95%e5%be%8b%e5%a3%b0%e6%98%8e-%e9%9a%90%e7%a7%81%e6%94%bf%e7%ad%96","status":"publish","type":"page","link":"https:\/\/inmoparis.com\/zh\/aviso-legal-politicas-privacidad\/","title":{"rendered":"\u6cd5\u5f8b\u58f0\u660e\u548c\u9690\u79c1\u653f\u7b56"},"content":{"rendered":"<h1 class=\"wp-block-heading\">\u6cd5\u5f8b\u58f0\u660e\u548c\u9690\u79c1\u653f\u7b56<\/h1>\n\n\n\n<h2 class=\"wp-block-heading\" id=\"aviso-legal\">1 \u6cd5\u5f8b\u58f0\u660e<\/h2>\n\n\n\n<p>\u6839\u636e\u5173\u4e8e\u4fe1\u606f\u793e\u4f1a\u670d\u52a1\u548c\u7535\u5b50\u5546\u52a1\u7684\u7b2c 34\/2002 \u53f7\u6cd5\u5f8b (LSSI-CE)\uff0c\u6211\u4eec\u7279\u6b64\u901a\u77e5\u60a8\uff0c\u672c\u7f51\u7ad9\u7684\u6240\u6709\u8005\u4e3a\uff1a<\/p>\n\n\n\n<p>\u516c\u53f8\u540d\u79f0\uff1a CP INMOPARIS SL<br>\u589e\u503c\u7a0e\u53f7\uff1aB25935115<br>\u6ce8\u518c\u529e\u4e8b\u5904\uff1aAvenida Las Am\u00e9ricas N\u00ba2, Parque Santiago III, Local 114, 38660, Playa de Las Am\u00e9ricas, Arona, Santa Cruz de Tenerife, Spain<br>\u7535\u5b50\u90ae\u4ef6\uff1a info@inmoparis.com<\/p>\n\n\n\n<p>\u516c\u53f8\u7684\u4e3b\u8981\u4e1a\u52a1\u662f\u623f\u5730\u4ea7\u7ecf\u7eaa\uff0c\u5305\u62ec\u623f\u5730\u4ea7\u4e70\u5356\u548c\u79df\u8d41\u3002.<\/p>\n\n\n\n<hr class=\"wp-block-separator has-alpha-channel-opacity\"\/>\n\n\n\n<h2 class=\"wp-block-heading\" id=\"condiciones\">2.\u4f7f\u7528\u6761\u4ef6<\/h2>\n\n\n\n<p>\u8bbf\u95ee\u548c\u4f7f\u7528\u672c\u7f51\u7ad9\u5373\u83b7\u5f97\u7528\u6237\u8eab\u4efd\uff0c\u5e76\u610f\u5473\u7740\u5b8c\u5168\u63a5\u53d7\u8fd9\u4e9b\u6761\u4ef6\u3002.<\/p>\n\n\n\n<p>\u7528\u6237\u627f\u8bfa\u9002\u5f53\u4f7f\u7528\u6240\u63d0\u4f9b\u7684\u5185\u5bb9\u548c\u670d\u52a1\uff0c\u4e0d\u5c06\u5176\u7528\u4e8e\u4ee5\u4e0b\u76ee\u7684<\/p>\n\n\n\n<ul class=\"wp-block-list\">\n<li>\u4ece\u4e8b\u975e\u6cd5\u6216\u8fdd\u80cc\u8bda\u4fe1\u7684\u6d3b\u52a8\u3002.<\/li>\n\n\n\n<li>\u4f20\u64ad\u79cd\u65cf\u4e3b\u4e49\u3001\u4ec7\u5916\u3001\u8272\u60c5\u6216\u975e\u6cd5\u5185\u5bb9\u3002.<\/li>\n\n\n\n<li>\u5bf9\u6240\u6709\u8005\u6216\u7b2c\u4e09\u65b9\u7684\u7269\u7406\u548c\u903b\u8f91\u7cfb\u7edf\u9020\u6210\u635f\u5bb3\u3002.<\/li>\n<\/ul>\n\n\n\n<p>CP INMOPARIS SL \u4fdd\u7559\u968f\u65f6\u4fee\u6539\u7f51\u7ad9\u5185\u5bb9\u7684\u6743\u5229\u3002.<\/p>\n\n\n\n<hr class=\"wp-block-separator has-alpha-channel-opacity\"\/>\n\n\n\n<h2 class=\"wp-block-heading\" id=\"responsabilidad\">3.\u623f\u5730\u4ea7\u4fe1\u606f\u7684\u8d23\u4efb<\/h2>\n\n\n\n<p>\u623f\u4ea7\u4fe1\u606f\u4ec5\u4f9b\u53c2\u8003\uff0c\u4e0d\u6784\u6210\u5177\u6709\u7ea6\u675f\u529b\u7684\u5408\u540c\u8981\u7ea6\u3002.<\/p>\n\n\n\n<p>\u4ef7\u683c\u3001\u529f\u80fd\u3001\u8868\u9762\u548c\u53ef\u7528\u6027\u5982\u6709\u53d8\u66f4\uff0c\u6055\u4e0d\u53e6\u884c\u901a\u77e5\u3002.<\/p>\n\n\n\n<p>CP INMOPARIS SL \u4f5c\u4e3a\u4e1a\u4e3b\u4e0e\u4e70\u5bb6\u6216\u79df\u6237\u4e4b\u95f4\u7684\u4e2d\u4ecb\uff0c\u9664\u975e\u6709\u660e\u786e\u8bf4\u660e\uff0c\u5426\u5219\u5e76\u4e0d\u662f\u5e7f\u544a\u4e2d\u623f\u4ea7\u7684\u4e1a\u4e3b\u3002.<\/p>\n\n\n\n<p>\u5bf9\u4e8e\u7b2c\u4e09\u65b9\u63d0\u4f9b\u7684\u4fe1\u606f\u4e2d\u51fa\u73b0\u7684\u4efb\u4f55\u5370\u5237\u9519\u8bef\u3001\u9057\u6f0f\u6216\u53d8\u66f4\uff0c\u516c\u53f8\u6982\u4e0d\u8d1f\u8d23\u3002.<\/p>\n\n\n\n<hr class=\"wp-block-separator has-alpha-channel-opacity\"\/>\n\n\n\n<h2 class=\"wp-block-heading\" id=\"privacidad\">4.\u9690\u79c1\u653f\u7b56<\/h2>\n\n\n\n<p>\u6839\u636e\u7b2c 2016\/679 \u53f7\u6cd5\u89c4\uff08\u6b27\u76df\uff09\uff08RGPD\uff09\u548c\u7b2c 3\/2018 \u53f7\u7ec4\u7ec7\u6cd5\uff08LOPDGDD\uff09\uff0c\u6211\u4eec\u901a\u77e5\u5982\u4e0b\uff1a<\/p>\n\n\n\n<p>\u6570\u636e\u63a7\u5236\u8005<br>cp inmoparis sl<br>\u589e\u503c\u7a0e\u53f7\uff1aB25935115<br>\u7535\u5b50\u90ae\u4ef6\uff1ainfo@inmoparis.com<\/p>\n\n\n\n<p>\u5904\u7406\u76ee\u7684\uff1a<\/p>\n\n\n\n<ul class=\"wp-block-list\">\n<li>\u7ba1\u7406\u901a\u8fc7\u8868\u683c\u8fdb\u884c\u7684\u67e5\u8be2\u3002.<\/li>\n\n\n\n<li>\u5546\u4e1a\u7ba1\u7406\u548c\u53d1\u9001\u7269\u4e1a\u4fe1\u606f\u3002.<\/li>\n\n\n\n<li>\u5173\u6ce8\u8d2d\u4e70\u3001\u9500\u552e\u6216\u79df\u8d41\u8bf7\u6c42\u3002.<\/li>\n\n\n\n<li>\u5c65\u884c\u6cd5\u5f8b\u4e49\u52a1\u3002.<\/li>\n<\/ul>\n\n\n\n<p>\u5408\u6cd5\u5316\uff1a<\/p>\n\n\n\n<ul class=\"wp-block-list\">\n<li>\u6570\u636e\u4e3b\u4f53\u540c\u610f\u3002.<\/li>\n\n\n\n<li>\u6267\u884c\u5408\u540c\u524d\u63aa\u65bd\u3002.<\/li>\n\n\n\n<li>\u5c65\u884c\u6cd5\u5f8b\u4e49\u52a1\u3002.<\/li>\n<\/ul>\n\n\n\n<p>\u6570\u636e\u4fdd\u7559\uff1a<br>\u53ea\u8981\u5b58\u5728\u4e1a\u52a1\u5173\u7cfb\u6216\u5728\u6cd5\u5f8b\u89c4\u5b9a\u7684\u671f\u9650\u5185\uff0c\u8fd9\u4e9b\u6570\u636e\u90fd\u5c06\u88ab\u4fdd\u5b58\u3002.<\/p>\n\n\n\n<p>\u76ee\u6807\u7fa4\u4f53<br>\u4ee5\u4e0b\u6570\u636e\u5904\u7406\u8005\u53ef\u80fd\u6709\u6743\u8bbf\u95ee\u8fd9\u4e9b\u6570\u636e\uff1a<\/p>\n\n\n\n<ul class=\"wp-block-list\">\n<li>\u6258\u7ba1\u670d\u52a1\u63d0\u4f9b\u5546\uff08Hostinger\uff0c\u6b27\u6d32\u8054\u76df\u7684\u57fa\u7840\u8bbe\u65bd\uff09\u3002.<\/li>\n\n\n\n<li>Artekasa \u623f\u5730\u4ea7 CRM\u3002.<\/li>\n\n\n\n<li>Google LLC\uff08\u901a\u8fc7 Google Analytics \u63d0\u4f9b\u5206\u6790\u670d\u52a1\uff09\u3002.<\/li>\n<\/ul>\n\n\n\n<p>\u6709\u4e9b\u63d0\u4f9b\u5546\u53ef\u80fd\u4f1a\u6d89\u53ca\u6570\u636e\u7684\u56fd\u9645\u4f20\u8f93\uff0c\u56e0\u6b64\u9700\u8981\u6839\u636e GDPR \u91c7\u53d6\u9002\u5f53\u7684\u4fdd\u969c\u63aa\u65bd\u3002.<\/p>\n\n\n\n<p>\u7528\u6237\u6743\u9650\uff1a<br>\u60a8\u53ef\u4ee5\u5411 info@inmoparis.com \u53d1\u9001\u8bf7\u6c42\uff0c\u5e76\u9644\u4e0a\u60a8\u7684\u8eab\u4efd\u8bc1\u4ef6\u526f\u672c\uff0c\u4ee5\u884c\u4f7f\u60a8\u7684\u8bbf\u95ee\u6743\u3001\u66f4\u6b63\u6743\u3001\u7981\u6b62\u6743\u3001\u53cd\u5bf9\u6743\u3001\u9650\u5236\u6743\u548c\u53ef\u79fb\u690d\u6027\u6743\u3002.<\/p>\n\n\n\n<p>\u60a8\u4e5f\u53ef\u4ee5\u5411\u897f\u73ed\u7259\u6570\u636e\u4fdd\u62a4\u5c40 (www.aepd.es) \u6295\u8bc9\u3002.<\/p>\n\n\n\n<hr class=\"wp-block-separator has-alpha-channel-opacity\"\/>\n\n\n\n<h2 class=\"wp-block-heading\" id=\"cookies\">5.Cookie \u653f\u7b56<\/h2>\n\n\n\n<p>\u672c\u7f51\u7ad9\u4f7f\u7528\u81ea\u5df1\u548c\u7b2c\u4e09\u65b9\u7684 cookie\u3002.<\/p>\n\n\n\n<p>\u6280\u672f\u997c\u5e72<br>\u7f51\u7ad9\u57fa\u672c\u8fd0\u884c\u6240\u5fc5\u9700\u3002.<\/p>\n\n\n\n<p>\u5206\u6790\u997c\u5e72\uff1a<br>\u8c37\u6b4c\u5206\u6790\uff08\u901a\u8fc7\u8c37\u6b4c\u7f51\u7ad9\u5de5\u5177\u5305\uff09\u7528\u4e8e\u5206\u6790\u7528\u6237\u7684\u6d4f\u89c8\u884c\u4e3a\u3002.<\/p>\n\n\n\n<p>\u901a\u8fc7\u8fd9\u4e9b cookie\uff0c\u6211\u4eec\u53ef\u4ee5\u83b7\u5f97\u533f\u540d\u4f7f\u7528\u7edf\u8ba1\u6570\u636e\uff0c\u4ece\u800c\u6539\u5584\u7528\u6237\u4f53\u9a8c\u3002.<\/p>\n\n\n\n<p>\u7528\u6237\u53ef\u4ee5\u901a\u8fc7 \"\u540c\u610f \"\u6a2a\u5e45\u63a5\u53d7\u3001\u62d2\u7edd\u6216\u914d\u7f6e cookies\u3002.<\/p>\n\n\n\n<p>\u6709\u5173 Google Analytics \u7684\u66f4\u591a\u4fe1\u606f\uff0c\u8bf7\u8bbf\u95ee<br>https:\/\/policies.google.com\/privacy<\/p>\n\n\n\n<hr class=\"wp-block-separator has-alpha-channel-opacity\"\/>\n\n\n\n<h2 class=\"wp-block-heading\" id=\"propiedad\">6.\u77e5\u8bc6\u4ea7\u6743<\/h2>\n\n\n\n<p>\u672c\u7f51\u7ad9\u7684\u6240\u6709\u5185\u5bb9\uff08\u6587\u672c\u3001\u56fe\u50cf\u3001\u6807\u8bc6\u3001\u8bbe\u8ba1\u3001\u7ed3\u6784\u3001\u6e90\u4ee3\u7801\uff09\u5747\u4e3a CP INMOPARIS SL \u7684\u8d22\u4ea7\u6216\u4f7f\u7528\u8bb8\u53ef\u3002.<\/p>\n\n\n\n<p>\u672a\u7ecf\u660e\u786e\u6388\u6743\uff0c\u7981\u6b62\u590d\u5236\u3001\u5206\u53d1\u6216\u516c\u5f00\u4f20\u64ad\u3002.<\/p>\n\n\n\n<hr class=\"wp-block-separator has-alpha-channel-opacity\"\/>\n\n\n\n<h2 class=\"wp-block-heading\" id=\"legislacion\">7.\u9002\u7528\u6cd5\u5f8b\u548c\u7ba1\u8f96\u6743<\/h2>\n\n\n\n<p>\u7f51\u7ad9\u6240\u6709\u8005\u4e0e\u7528\u6237\u4e4b\u95f4\u7684\u5173\u7cfb\u53d7\u897f\u73ed\u7259\u73b0\u884c\u6cd5\u5f8b\u7ba1\u8f96\u3002.<\/p>\n\n\n\n<p>\u5bf9\u4e8e\u56e0\u8bbf\u95ee\u6216\u4f7f\u7528\u672c\u7f51\u7ad9\u800c\u4ea7\u751f\u7684\u4efb\u4f55\u51b2\u7a81\uff0c\u53cc\u65b9\u5747\u670d\u4ece\u5723\u514b\u9c81\u65af-\u5fb7\u7279\u5185\u91cc\u8d39\u6cd5\u9662\u548c\u6cd5\u5ead\u7684\u88c1\u51b3\u3002.<\/p>","protected":false},"excerpt":{"rendered":"<p>Aviso Legal y Pol\u00edtica de Privacidad 1. Aviso Legal En cumplimiento de la Ley 34\/2002, de Servicios de la Sociedad de la Informaci\u00f3n y Comercio Electr\u00f3nico (LSSI-CE), se informa que la presente p\u00e1gina web es titularidad de: Raz\u00f3n social: CP INMOPARIS SLCIF: B25935115Domicilio social: Avenida Las Am\u00e9ricas N\u00ba2, Parque Santiago III, Local 114, 38660, Playa [&hellip;]<\/p>\n","protected":false},"author":1,"featured_media":0,"parent":0,"menu_order":0,"comment_status":"closed","ping_status":"closed","template":"elementor_theme","meta":{"footnotes":""},"class_list":["post-265194","page","type-page","status-publish","hentry"],"_links":{"self":[{"href":"https:\/\/inmoparis.com\/zh\/wp-json\/wp\/v2\/pages\/265194","targetHints":{"allow":["GET"]}}],"collection":[{"href":"https:\/\/inmoparis.com\/zh\/wp-json\/wp\/v2\/pages"}],"about":[{"href":"https:\/\/inmoparis.com\/zh\/wp-json\/wp\/v2\/types\/page"}],"author":[{"embeddable":true,"href":"https:\/\/inmoparis.com\/zh\/wp-json\/wp\/v2\/users\/1"}],"replies":[{"embeddable":true,"href":"https:\/\/inmoparis.com\/zh\/wp-json\/wp\/v2\/comments?post=265194"}],"version-history":[{"count":1,"href":"https:\/\/inmoparis.com\/zh\/wp-json\/wp\/v2\/pages\/265194\/revisions"}],"predecessor-version":[{"id":695130,"href":"https:\/\/inmoparis.com\/zh\/wp-json\/wp\/v2\/pages\/265194\/revisions\/695130"}],"wp:attachment":[{"href":"https:\/\/inmoparis.com\/zh\/wp-json\/wp\/v2\/media?parent=265194"}],"curies":[{"name":"wp","href":"https:\/\/api.w.org\/{rel}","templated":true}]}}