{"id":270218,"date":"2023-07-24T19:12:04","date_gmt":"2023-07-24T18:12:04","guid":{"rendered":"https:\/\/inmoparis.com\/acuerdo-sobre-el-rgpd\/"},"modified":"2023-07-24T19:12:04","modified_gmt":"2023-07-24T18:12:04","slug":"%e5%85%b3%e4%ba%8e-rgpd-%e7%9a%84%e5%8d%8f%e8%ae%ae","status":"publish","type":"page","link":"https:\/\/inmoparis.com\/zh\/acuerdo-sobre-el-rgpd\/","title":{"rendered":"\u5173\u4e8e GDPR \u7684\u534f\u8bae"},"content":{"rendered":"<p>\u5173\u4e8e\u6839\u636e\u300a\u5168\u7403\u6570\u636e\u4fdd\u62a4\u6761\u4f8b\u300b\u5904\u7406\u4e2a\u4eba\u6570\u636e\u7684\u6cd5\u5f8b\u58f0\u660e<\/p>\n\n\n\n<p>\u6839\u636e\u6b27\u76df\u300a\u4e00\u822c\u6570\u636e\u4fdd\u62a4\u6761\u4f8b\u300b\uff08GDPR\uff09\u7684\u89c4\u5b9a\uff0cInmoParis\uff08\u5730\u5740\uff1aAvda. Los Sabande\u00f1os Edificio Marte Local 5, Los Cristianos, Arona, \u90ae\u7f16\uff1a38650\uff0c\u7535\u8bdd\uff1a+34 922 791 589\uff0c\u7535\u5b50\u90ae\u4ef6\uff1ainfo@inmoparis.com\uff0c\u7f51\u7ad9\uff1ahttps:\/\/inmoparis.com\/\uff09\u627f\u8bfa\u4fdd\u62a4\u548c\u5c0a\u91cd\u5176\u7528\u6237\u3001\u5ba2\u6237\u548c\u8bbf\u95ee\u8005\u7684\u9690\u79c1\u3002\u672c\u6cd5\u5f8b\u58f0\u660e\u63cf\u8ff0\u4e86 InmoParis \u5982\u4f55\u6536\u96c6\u3001\u4f7f\u7528\u3001\u5b58\u50a8\u548c\u4fdd\u62a4\u6570\u636e\u4e3b\u4f53\u63d0\u4f9b\u7684\u4e2a\u4eba\u6570\u636e\u3002.<\/p>\n\n\n\n<ol class=\"wp-block-list\">\n<li>\u4e2a\u4eba\u8d44\u6599\u63a7\u5236\u8005<\/li>\n<\/ol>\n\n\n\n<p>\u6839\u636e GDPR\uff0cInmoParis \u662f\u4e2a\u4eba\u6570\u636e\u7684\u63a7\u5236\u8005\u3002\u60a8\u53ef\u4ee5\u901a\u8fc7\u6211\u4eec\u7684\u7535\u5b50\u90ae\u4ef6\u5730\u5740 info@inmoparis.com \u6216\u7535\u8bdd +34 922 791 589 \u4e0e\u6211\u4eec\u8054\u7cfb\uff0c\u8be2\u95ee\u6709\u5173\u60a8\u4e2a\u4eba\u6570\u636e\u5904\u7406\u7684\u4efb\u4f55\u95ee\u9898\u3002.<\/p>\n\n\n\n<ol class=\"wp-block-list\" start=\"2\">\n<li>\u6536\u96c6\u7684\u4e2a\u4eba\u8d44\u6599<\/li>\n<\/ol>\n\n\n\n<p>InmoParis \u53ef\u6536\u96c6\u548c\u5904\u7406\u6570\u636e\u4e3b\u4f53\u7684\u4ee5\u4e0b\u4e2a\u4eba\u6570\u636e\uff1a<\/p>\n\n\n\n<ul class=\"wp-block-list\">\n<li>\u8eab\u4efd\u4fe1\u606f\uff1a\u540d\u3001\u59d3\u3001\u540d\u3001\u5730\u5740\u3001\u51fa\u751f\u65e5\u671f\u7b49\u3002.<\/li>\n\n\n\n<li>\u8054\u7cfb\u4fe1\u606f\uff1a\u7535\u5b50\u90ae\u4ef6\u5730\u5740\u3001\u7535\u8bdd\u53f7\u7801\u7b49\u3002.<\/li>\n\n\n\n<li>\u4ed8\u6b3e\u4fe1\u606f\uff1a\u4fe1\u7528\u5361\u6216\u501f\u8bb0\u5361\u8be6\u60c5\u3001\u94f6\u884c\u4fe1\u606f\u7b49\u3002.<\/li>\n\n\n\n<li>\u6280\u672f\u4fe1\u606f\uff1aIP \u5730\u5740\u3001\u8bbe\u5907\u7c7b\u578b\u3001\u7f51\u7edc\u6d4f\u89c8\u5668\u7b49\u3002.<\/li>\n\n\n\n<li>\u4e0e\u63d0\u4f9b\u670d\u52a1\u6216\u5c65\u884c\u5408\u540c\u6709\u5173\u7684\u5176\u4ed6\u4fe1\u606f\u3002.<\/li>\n<\/ul>\n\n\n\n<ol class=\"wp-block-list\">\n<li>\u5904\u7406\u4e2a\u4eba\u6570\u636e\u7684\u76ee\u7684<\/li>\n<\/ol>\n\n\n\n<p>InmoParis \u6536\u96c6\u7684\u4e2a\u4eba\u6570\u636e\u4ec5\u7528\u4e8e\u4ee5\u4e0b\u5408\u6cd5\u76ee\u7684\uff1a<\/p>\n\n\n\n<ul class=\"wp-block-list\">\n<li>\u63d0\u4f9b\u670d\u52a1\uff1a\u6267\u884c\u5408\u540c\u6216\u63d0\u4f9b\u76f8\u5173\u65b9\u8981\u6c42\u7684\u670d\u52a1\u3002.<\/li>\n\n\n\n<li>\u901a\u4fe1\uff1a\u53d1\u9001\u4e0e\u6211\u4eec\u7684\u670d\u52a1\u76f8\u5173\u7684\u4fe1\u606f\u3001\u901a\u77e5\u3001\u66f4\u65b0\u3001\u4fc3\u9500\u4f18\u60e0\u6216\u901a\u8baf\u3002.<\/li>\n\n\n\n<li>\u670d\u52a1\u6539\u8fdb\uff1a\u5206\u6790\u5e76\u6539\u8fdb\u6211\u4eec\u7684\u670d\u52a1\u8d28\u91cf\u548c\u7f51\u7ad9\u6027\u80fd\u3002.<\/li>\n\n\n\n<li>\u9075\u5b88\u6cd5\u5f8b\uff1a\u9075\u5b88\u9002\u7528\u4e8e InmoParis \u7684\u6cd5\u5f8b\u548c\u76d1\u7ba1\u4e49\u52a1\u3002.<\/li>\n<\/ul>\n\n\n\n<ol class=\"wp-block-list\">\n<li>\u5904\u7406\u4e2a\u4eba\u6570\u636e\u7684\u6cd5\u5f8b\u4f9d\u636e<\/li>\n<\/ol>\n\n\n\n<p>InmoParis \u5bf9\u4e2a\u4eba\u6570\u636e\u7684\u5904\u7406\u5c06\u57fa\u4e8e\u4ee5\u4e0b\u6cd5\u5f8b\u6761\u4ef6\uff1a<\/p>\n\n\n\n<ul class=\"wp-block-list\">\n<li>\u540c\u610f\uff1a\u6570\u636e\u4e3b\u4f53\u660e\u786e\u540c\u610f\u4e3a\u7279\u5b9a\u76ee\u7684\u5904\u7406\u5176\u4e2a\u4eba\u6570\u636e\u3002.<\/li>\n\n\n\n<li>\u5408\u540c\u5c65\u884c\uff1a\u4e3a\u5c65\u884c\u6570\u636e\u5f53\u4e8b\u4eba\u4e3a\u4e00\u65b9\u7684\u5408\u540c\uff0c\u6216\u5728\u5408\u540c\u7b7e\u8ba2\u524d\u5e94\u6570\u636e\u5f53\u4e8b\u4eba\u7684\u8981\u6c42\u91c7\u53d6\u63aa\u65bd\u800c\u5fc5\u987b\u8fdb\u884c\u7684\u5904\u7406\u3002.<\/li>\n\n\n\n<li>\u9075\u7eaa\u5b88\u6cd5\uff1a\u4e3a\u5c65\u884c\u6cd5\u5f8b\u6216\u76d1\u7ba1\u4e49\u52a1\u800c\u5fc5\u987b\u8fdb\u884c\u7684\u5904\u7406\u3002.<\/li>\n\n\n\n<li>\u5408\u6cd5\u6743\u76ca\uff1a\u5982\u679c\u5904\u7406\u662f\u4e3a\u4e86 InmoParis \u6216\u7b2c\u4e09\u65b9\u6240\u8ffd\u6c42\u7684\u5408\u6cd5\u6743\u76ca\u6240\u5fc5\u9700\u7684\uff0c\u4f46\u6570\u636e\u4e3b\u4f53\u7684\u5229\u76ca\u6216\u57fa\u672c\u6743\u5229\u548c\u81ea\u7531\u4e0d\u5f97\u51cc\u9a7e\u4e8e\u5176\u4e0a\u3002.<\/li>\n<\/ul>\n\n\n\n<ol class=\"wp-block-list\">\n<li>\u4e2a\u4eba\u8d44\u6599\u7684\u8f6c\u8ba9<\/li>\n<\/ol>\n\n\n\n<p>\u672a\u7ecf\u6570\u636e\u5f53\u4e8b\u4eba\u660e\u786e\u540c\u610f\uff0cInmoParis \u4e0d\u4f1a\u5c06\u4e2a\u4eba\u6570\u636e\u4f20\u8f93\u7ed9\u7b2c\u4e09\u65b9\uff0c\u9664\u975e\u662f\u4e3a\u4e86\u63d0\u4f9b\u6240\u8981\u6c42\u7684\u670d\u52a1\u6216\u5c65\u884c\u6cd5\u5f8b\u4e49\u52a1\u3002.<\/p>\n\n\n\n<p>\u5982\u679c InmoParis \u9700\u8981\u5c06\u4e2a\u4eba\u6570\u636e\u4f20\u8f93\u5230\u6b27\u6d32\u7ecf\u6d4e\u533a\uff08EEA\uff09\u4e4b\u5916\uff0c\u5c06\u6839\u636e GDPR \u91c7\u53d6\u9002\u5f53\u63aa\u65bd\uff0c\u786e\u4fdd\u6b64\u7c7b\u6570\u636e\u7684\u5b89\u5168\u548c\u4fdd\u62a4\u3002.<\/p>\n\n\n\n<ol class=\"wp-block-list\" start=\"6\">\n<li>\u6570\u636e\u4fdd\u7559\u671f<\/li>\n<\/ol>\n\n\n\n<p>InmoParis \u6536\u96c6\u548c\u5904\u7406\u7684\u4e2a\u4eba\u6570\u636e\u5c06\u4fdd\u7559\u81f3\u5b9e\u73b0\u6536\u96c6\u76ee\u7684\u6240\u9700\u7684\u65f6\u95f4\uff0c\u9664\u975e\u6cd5\u5f8b\u6216\u76d1\u7ba1\u4e49\u52a1\u8981\u6c42\u6216\u5141\u8bb8\u66f4\u957f\u7684\u4fdd\u7559\u671f\u3002.<\/p>\n\n\n\n<ol class=\"wp-block-list\" start=\"7\">\n<li>\u6709\u5173\u5404\u65b9\u7684\u6743\u5229<\/li>\n<\/ol>\n\n\n\n<p>\u6839\u636e GDPR\uff0c\u6570\u636e\u4e3b\u4f53\u5728\u4e2a\u4eba\u6570\u636e\u65b9\u9762\u4eab\u6709\u4ee5\u4e0b\u6743\u5229\uff1a<\/p>\n\n\n\n<ul class=\"wp-block-list\">\n<li>\u8bbf\u95ee\u6743\uff1a\u8981\u6c42\u4e86\u89e3 InmoParis \u6301\u6709\u7684\u4e2a\u4eba\u8d44\u6599\u548c\u5904\u7406\u76ee\u7684\u3002.<\/li>\n\n\n\n<li>\u66f4\u6b63\u6743\uff1a\u66f4\u6b63\u6216\u66f4\u65b0\u4e0d\u51c6\u786e\u6216\u4e0d\u5b8c\u6574\u7684\u4e2a\u4eba\u6570\u636e\u3002.<\/li>\n\n\n\n<li>\u5220\u9664\u6743\uff1a\u5f53\u4e2a\u4eba\u6570\u636e\u4e0d\u518d\u9700\u8981\u7528\u4e8e\u6536\u96c6\u76ee\u7684\u6216\u540c\u610f\u88ab\u64a4\u9500\u65f6\uff0c\u8981\u6c42\u5220\u9664\u4e2a\u4eba\u6570\u636e\u3002.<\/li>\n\n\n\n<li>\u53cd\u5bf9\u6743\uff1a\u53cd\u5bf9\u5728\u67d0\u4e9b\u60c5\u51b5\u4e0b\u5904\u7406\u4e2a\u4eba\u6570\u636e\uff0c\u5982\u76f4\u63a5\u8425\u9500\u3002.<\/li>\n\n\n\n<li>\u6570\u636e\u53ef\u79fb\u690d\u6743\uff1a\u8981\u6c42\u5c06\u4e2a\u4eba\u6570\u636e\u4ee5\u7ed3\u6784\u5316\u548c\u53ef\u8bfb\u7684\u683c\u5f0f\u4f20\u8f93\u7ed9\u53e6\u4e00\u5bb6\u673a\u6784\u3002.<\/li>\n\n\n\n<li>\u64a4\u9500\u540c\u610f\u7684\u6743\u5229\uff1a\u5982\u679c\u5904\u7406\u662f\u57fa\u4e8e\u540c\u610f\uff0c\u5219\u6570\u636e\u5f53\u4e8b\u4eba\u6709\u6743\u968f\u65f6\u64a4\u9500\u540c\u610f\u3002.<\/li>\n<\/ul>\n\n\n\n<p>\u8981\u884c\u4f7f\u8fd9\u4e9b\u6743\u5229\uff0c\u76f8\u5173\u65b9\u53ef\u901a\u8fc7\u7535\u5b50\u90ae\u4ef6 info@inmoparis.com \u6216\u7535\u8bdd +34 922 791 589 \u4e0e InmoParis \u8054\u7cfb\u3002InmoParis \u5c06\u5728\u73b0\u884c\u6cd5\u5f8b\u89c4\u5b9a\u7684\u671f\u9650\u5185\u5bf9\u6240\u6709\u8bf7\u6c42\u505a\u51fa\u7b54\u590d\u3002.<\/p>\n\n\n\n<ol class=\"wp-block-list\" start=\"8\">\n<li>\u4e2a\u4eba\u6570\u636e\u7684\u5b89\u5168<\/li>\n<\/ol>\n\n\n\n<p>InmoParis \u81f4\u529b\u4e8e\u786e\u4fdd\u4e2a\u4eba\u6570\u636e\u7684\u5b89\u5168\uff0c\u5e76\u5df2\u91c7\u53d6\u9002\u5f53\u7684\u6280\u672f\u548c\u7ec4\u7ec7\u63aa\u65bd\uff0c\u4ee5\u9632\u6b62\u4e22\u5931\u3001\u672a\u7ecf\u6388\u6743\u7684\u8bbf\u95ee\u3001\u7be1\u6539\u6216\u672a\u7ecf\u6388\u6743\u7684\u62ab\u9732\u3002.<\/p>\n\n\n\n<ol class=\"wp-block-list\" start=\"9\">\n<li>\u5bf9\u6cd5\u5f8b\u901a\u544a\u7684\u4fee\u6539<\/li>\n<\/ol>\n\n\n\n<p>InmoParis \u4fdd\u7559\u968f\u65f6\u4fee\u6539\u6216\u66f4\u65b0\u672c\u6cd5\u5f8b\u58f0\u660e\u7684\u6743\u5229\uff0c\u4ee5\u53cd\u6620\u6211\u4eec\u5728\u9690\u79c1\u4fdd\u62a4\u65b9\u9762\u7684\u53d8\u5316\u3002\u6211\u4eec\u9f13\u52b1\u60a8\u5b9a\u671f\u67e5\u770b\u672c\u6cd5\u5f8b\u58f0\u660e\uff0c\u4ee5\u4fbf\u968f\u65f6\u4e86\u89e3\u60a8\u7684\u4e2a\u4eba\u4fe1\u606f\u662f\u5982\u4f55\u5f97\u5230\u4fdd\u62a4\u548c\u4f7f\u7528\u7684\u3002.<\/p>\n\n\n\n<p>\u751f\u6548\u65e5\u671f\uff1a2023 \u5e74 7 \u6708 24 \u65e5<\/p>\n\n\n\n<p>\u672c\u6cd5\u5f8b\u58f0\u660e\u662f InmoParis \u6761\u6b3e\u548c\u6761\u4ef6\u7684\u7ec4\u6210\u90e8\u5206\uff0c\u5e94\u4e0e\u6761\u6b3e\u548c\u6761\u4ef6\u4e00\u5e76\u9605\u8bfb\u3002.<\/p>\n\n\n\n<p><\/p>","protected":false},"excerpt":{"rendered":"<p>AVISO LEGAL SOBRE EL TRATAMIENTO DE DATOS PERSONALES DE ACUERDO CON LA GDPR De conformidad con lo dispuesto en el Reglamento General de Protecci\u00f3n de Datos (GDPR) de la Uni\u00f3n Europea, InmoParis con domicilio en Avda. Los Sabande\u00f1os Edificio Marte Local 5, Los Cristianos, Arona, C\u00f3digo Postal: 38650, tel\u00e9fono +34 922 791 589, correo electr\u00f3nico [&hellip;]<\/p>\n","protected":false},"author":1,"featured_media":0,"parent":0,"menu_order":0,"comment_status":"closed","ping_status":"closed","template":"","meta":{"footnotes":""},"class_list":["post-270218","page","type-page","status-publish","hentry"],"_links":{"self":[{"href":"https:\/\/inmoparis.com\/zh\/wp-json\/wp\/v2\/pages\/270218","targetHints":{"allow":["GET"]}}],"collection":[{"href":"https:\/\/inmoparis.com\/zh\/wp-json\/wp\/v2\/pages"}],"about":[{"href":"https:\/\/inmoparis.com\/zh\/wp-json\/wp\/v2\/types\/page"}],"author":[{"embeddable":true,"href":"https:\/\/inmoparis.com\/zh\/wp-json\/wp\/v2\/users\/1"}],"replies":[{"embeddable":true,"href":"https:\/\/inmoparis.com\/zh\/wp-json\/wp\/v2\/comments?post=270218"}],"version-history":[{"count":0,"href":"https:\/\/inmoparis.com\/zh\/wp-json\/wp\/v2\/pages\/270218\/revisions"}],"wp:attachment":[{"href":"https:\/\/inmoparis.com\/zh\/wp-json\/wp\/v2\/media?parent=270218"}],"curies":[{"name":"wp","href":"https:\/\/api.w.org\/{rel}","templated":true}]}}